{"id":472,"date":"2020-11-30T15:17:21","date_gmt":"2020-11-30T15:17:21","guid":{"rendered":"https:\/\/pegasosfinance.com\/?page_id=472"},"modified":"2021-01-05T14:39:56","modified_gmt":"2021-01-05T14:39:56","slug":"karriere","status":"publish","type":"page","link":"https:\/\/pegasosfinance.com\/fr\/karriere\/","title":{"rendered":"Carri\u00e8re"},"content":{"rendered":"<div class=\"wpcf7 no-js\" id=\"wpcf7-f474-o1\" lang=\"en-US\" dir=\"ltr\" data-wpcf7-id=\"474\">\n<div class=\"screen-reader-response\"><p role=\"status\" aria-live=\"polite\" aria-atomic=\"true\"><\/p> <ul><\/ul><\/div>\n<form action=\"\/fr\/wp-json\/wp\/v2\/pages\/472#wpcf7-f474-o1\" method=\"post\" class=\"wpcf7-form init\" aria-label=\"Contact form\" enctype=\"multipart\/form-data\" novalidate=\"novalidate\" data-status=\"init\" data-trp-original-action=\"\/fr\/wp-json\/wp\/v2\/pages\/472#wpcf7-f474-o1\">\n<fieldset class=\"hidden-fields-container\"><input type=\"hidden\" name=\"_wpcf7\" value=\"474\" \/><input type=\"hidden\" name=\"_wpcf7_version\" value=\"6.1.5\" \/><input type=\"hidden\" name=\"_wpcf7_locale\" value=\"en_US\" \/><input type=\"hidden\" name=\"_wpcf7_unit_tag\" value=\"wpcf7-f474-o1\" \/><input type=\"hidden\" name=\"_wpcf7_container_post\" value=\"0\" \/><input type=\"hidden\" name=\"_wpcf7_posted_data_hash\" value=\"\" \/>\n<\/fieldset>\n<p><label><br \/>\n<span class=\"wpcf7-form-control-wrap\" data-name=\"your-name\"><input size=\"40\" maxlength=\"400\" class=\"wpcf7-form-control wpcf7-text wpcf7-validates-as-required form_input\" id=\"your-name\" aria-required=\"true\" aria-invalid=\"false\" placeholder=\"Pr\u00e9nom\" value=\"\" type=\"text\" name=\"your-name\" \/><\/span> <\/label>\n<\/p>\n<p><label><br \/>\n<span class=\"wpcf7-form-control-wrap\" data-name=\"your-surname\"><input size=\"40\" maxlength=\"400\" class=\"wpcf7-form-control wpcf7-text wpcf7-validates-as-required form_input\" id=\"your-surname\" aria-required=\"true\" aria-invalid=\"false\" placeholder=\"Nom\" value=\"\" type=\"text\" name=\"your-surname\" \/><\/span> <\/label>\n<\/p>\n<p><label><br \/>\n<span class=\"wpcf7-form-control-wrap\" data-name=\"your-tel\"><input size=\"40\" maxlength=\"400\" class=\"wpcf7-form-control wpcf7-tel wpcf7-validates-as-required wpcf7-text wpcf7-validates-as-tel form_input\" id=\"your-tel\" aria-required=\"true\" aria-invalid=\"false\" placeholder=\"Num\u00e9ro de t\u00e9l\u00e9phone\" value=\"\" type=\"tel\" name=\"your-tel\" \/><\/span> <\/label>\n<\/p>\n<p><label><br \/>\n<span class=\"wpcf7-form-control-wrap\" data-name=\"your-email\"><input size=\"40\" maxlength=\"400\" class=\"wpcf7-form-control wpcf7-email wpcf7-validates-as-required wpcf7-text wpcf7-validates-as-email form_input\" id=\"your-email\" aria-required=\"true\" aria-invalid=\"false\" placeholder=\"E-mail\" value=\"\" type=\"email\" name=\"your-email\" \/><\/span> <\/label>\n<\/p>\n<p><label><br \/>\n<span class=\"wpcf7-form-control-wrap\" data-name=\"your-message\"><textarea cols=\"40\" rows=\"10\" maxlength=\"2000\" class=\"wpcf7-form-control wpcf7-textarea form_input\" id=\"your-message\" aria-invalid=\"false\" placeholder=\"Message...\" name=\"your-message\"><\/textarea><\/span> <\/label>\n<\/p>\n<p><label> T\u00e9l\u00e9charger les documents de candidature<br \/>\n<span class=\"wpcf7-form-control-wrap\" data-name=\"your-file\"><input size=\"40\" class=\"wpcf7-form-control wpcf7-file wpcf7-validates-as-required form_input\" id=\"your-file\" accept=\"audio\/*,video\/*,image\/*\" aria-required=\"true\" aria-invalid=\"false\" type=\"file\" name=\"your-file\" \/><\/span> <\/label>\n<\/p>\n<p><input class=\"wpcf7-form-control wpcf7-submit has-spinner section-cta\" type=\"submit\" value=\"Envoyer\" \/>\n<\/p><p style=\"display: none !important;\" class=\"akismet-fields-container\" data-prefix=\"_wpcf7_ak_\"><label>&#916;<textarea name=\"_wpcf7_ak_hp_textarea\" cols=\"45\" rows=\"8\" maxlength=\"100\"><\/textarea><\/label><input type=\"hidden\" id=\"ak_js_1\" name=\"_wpcf7_ak_js\" value=\"75\"\/><script>document.getElementById( \"ak_js_1\" ).setAttribute( \"value\", ( new Date() ).getTime() );<\/script><\/p><input type='hidden' class='wpcf7-pum' value='{\"closepopup\":false,\"closedelay\":0,\"openpopup\":false,\"openpopup_id\":0}' \/><div class=\"wpcf7-response-output\" aria-hidden=\"true\"><\/div>\n<input type=\"hidden\" name=\"trp-form-language\" value=\"fr\"\/><\/form>\n<\/div>","protected":false},"excerpt":{"rendered":"","protected":false},"author":4,"featured_media":0,"parent":0,"menu_order":0,"comment_status":"closed","ping_status":"closed","template":"templates\/job.php","meta":{"_crdt_document":"","footnotes":""},"class_list":["post-472","page","type-page","status-publish","hentry"],"acf":[],"yoast_head":"<!-- This site is optimized with the Yoast SEO plugin v27.4 - https:\/\/yoast.com\/product\/yoast-seo-wordpress\/ -->\n<title>Karriere in der Finanzbranche | Bei Pegasos Finance GmbH<\/title>\n<meta name=\"description\" content=\"Sie haben Erfahrungen in der Finanzbranche gesammelt und suchen eine neue Herausforderung? Wir sind auf der Suche nach den besten Talenten.\" \/>\n<meta name=\"robots\" content=\"index, follow, max-snippet:-1, max-image-preview:large, max-video-preview:-1\" \/>\n<link rel=\"canonical\" href=\"https:\/\/pegasosfinance.com\/fr\/karriere\/\" \/>\n<meta property=\"og:locale\" content=\"fr_FR\" \/>\n<meta property=\"og:type\" content=\"article\" \/>\n<meta property=\"og:title\" content=\"Karriere in der Finanzbranche | Bei Pegasos Finance GmbH\" \/>\n<meta property=\"og:description\" content=\"Sie haben Erfahrungen in der Finanzbranche gesammelt und suchen eine neue Herausforderung? Wir sind auf der Suche nach den besten Talenten.\" \/>\n<meta property=\"og:url\" content=\"https:\/\/pegasosfinance.com\/fr\/karriere\/\" \/>\n<meta property=\"og:site_name\" content=\"Pegasosfinance\" \/>\n<meta property=\"article:modified_time\" content=\"2021-01-05T14:39:56+00:00\" \/>\n<meta name=\"twitter:card\" content=\"summary_large_image\" \/>\n<script type=\"application\/ld+json\" class=\"yoast-schema-graph\">{\"@context\":\"https:\\\/\\\/schema.org\",\"@graph\":[{\"@type\":\"WebPage\",\"@id\":\"https:\\\/\\\/pegasosfinance.com\\\/karriere\\\/\",\"url\":\"https:\\\/\\\/pegasosfinance.com\\\/karriere\\\/\",\"name\":\"Karriere in der Finanzbranche | Bei Pegasos Finance GmbH\",\"isPartOf\":{\"@id\":\"https:\\\/\\\/pegasosfinance.com\\\/#website\"},\"datePublished\":\"2020-11-30T15:17:21+00:00\",\"dateModified\":\"2021-01-05T14:39:56+00:00\",\"description\":\"Sie haben Erfahrungen in der Finanzbranche gesammelt und suchen eine neue Herausforderung? Wir sind auf der Suche nach den besten Talenten.\",\"breadcrumb\":{\"@id\":\"https:\\\/\\\/pegasosfinance.com\\\/karriere\\\/#breadcrumb\"},\"inLanguage\":\"fr-FR\",\"potentialAction\":[{\"@type\":\"ReadAction\",\"target\":[\"https:\\\/\\\/pegasosfinance.com\\\/karriere\\\/\"]}]},{\"@type\":\"BreadcrumbList\",\"@id\":\"https:\\\/\\\/pegasosfinance.com\\\/karriere\\\/#breadcrumb\",\"itemListElement\":[{\"@type\":\"ListItem\",\"position\":1,\"name\":\"Home\",\"item\":\"https:\\\/\\\/pegasosfinance.com\\\/\"},{\"@type\":\"ListItem\",\"position\":2,\"name\":\"Karriere\"}]},{\"@type\":\"WebSite\",\"@id\":\"https:\\\/\\\/pegasosfinance.com\\\/#website\",\"url\":\"https:\\\/\\\/pegasosfinance.com\\\/\",\"name\":\"Pegasosfinance\",\"description\":\"\",\"potentialAction\":[{\"@type\":\"SearchAction\",\"target\":{\"@type\":\"EntryPoint\",\"urlTemplate\":\"https:\\\/\\\/pegasosfinance.com\\\/?s={search_term_string}\"},\"query-input\":{\"@type\":\"PropertyValueSpecification\",\"valueRequired\":true,\"valueName\":\"search_term_string\"}}],\"inLanguage\":\"fr-FR\"}]}<\/script>\n<!-- \/ Yoast SEO plugin. -->","yoast_head_json":{"title":"Karriere in der Finanzbranche | Bei Pegasos Finance GmbH","description":"Sie haben Erfahrungen in der Finanzbranche gesammelt und suchen eine neue Herausforderung? Wir sind auf der Suche nach den besten Talenten.","robots":{"index":"index","follow":"follow","max-snippet":"max-snippet:-1","max-image-preview":"max-image-preview:large","max-video-preview":"max-video-preview:-1"},"canonical":"https:\/\/pegasosfinance.com\/fr\/karriere\/","og_locale":"fr_FR","og_type":"article","og_title":"Karriere in der Finanzbranche | Bei Pegasos Finance GmbH","og_description":"Sie haben Erfahrungen in der Finanzbranche gesammelt und suchen eine neue Herausforderung? Wir sind auf der Suche nach den besten Talenten.","og_url":"https:\/\/pegasosfinance.com\/fr\/karriere\/","og_site_name":"Pegasosfinance","article_modified_time":"2021-01-05T14:39:56+00:00","twitter_card":"summary_large_image","schema":{"@context":"https:\/\/schema.org","@graph":[{"@type":"WebPage","@id":"https:\/\/pegasosfinance.com\/karriere\/","url":"https:\/\/pegasosfinance.com\/karriere\/","name":"Karriere in der Finanzbranche | Bei Pegasos Finance GmbH","isPartOf":{"@id":"https:\/\/pegasosfinance.com\/#website"},"datePublished":"2020-11-30T15:17:21+00:00","dateModified":"2021-01-05T14:39:56+00:00","description":"Sie haben Erfahrungen in der Finanzbranche gesammelt und suchen eine neue Herausforderung? Wir sind auf der Suche nach den besten Talenten.","breadcrumb":{"@id":"https:\/\/pegasosfinance.com\/karriere\/#breadcrumb"},"inLanguage":"fr-FR","potentialAction":[{"@type":"ReadAction","target":["https:\/\/pegasosfinance.com\/karriere\/"]}]},{"@type":"BreadcrumbList","@id":"https:\/\/pegasosfinance.com\/karriere\/#breadcrumb","itemListElement":[{"@type":"ListItem","position":1,"name":"Home","item":"https:\/\/pegasosfinance.com\/"},{"@type":"ListItem","position":2,"name":"Karriere"}]},{"@type":"WebSite","@id":"https:\/\/pegasosfinance.com\/#website","url":"https:\/\/pegasosfinance.com\/","name":"Pegasosfinance","description":"","potentialAction":[{"@type":"SearchAction","target":{"@type":"EntryPoint","urlTemplate":"https:\/\/pegasosfinance.com\/?s={search_term_string}"},"query-input":{"@type":"PropertyValueSpecification","valueRequired":true,"valueName":"search_term_string"}}],"inLanguage":"fr-FR"}]}},"jetpack_sharing_enabled":true,"_links":{"self":[{"href":"https:\/\/pegasosfinance.com\/fr\/wp-json\/wp\/v2\/pages\/472","targetHints":{"allow":["GET"]}}],"collection":[{"href":"https:\/\/pegasosfinance.com\/fr\/wp-json\/wp\/v2\/pages"}],"about":[{"href":"https:\/\/pegasosfinance.com\/fr\/wp-json\/wp\/v2\/types\/page"}],"author":[{"embeddable":true,"href":"https:\/\/pegasosfinance.com\/fr\/wp-json\/wp\/v2\/users\/4"}],"replies":[{"embeddable":true,"href":"https:\/\/pegasosfinance.com\/fr\/wp-json\/wp\/v2\/comments?post=472"}],"version-history":[{"count":21,"href":"https:\/\/pegasosfinance.com\/fr\/wp-json\/wp\/v2\/pages\/472\/revisions"}],"predecessor-version":[{"id":624,"href":"https:\/\/pegasosfinance.com\/fr\/wp-json\/wp\/v2\/pages\/472\/revisions\/624"}],"wp:attachment":[{"href":"https:\/\/pegasosfinance.com\/fr\/wp-json\/wp\/v2\/media?parent=472"}],"curies":[{"name":"wp","href":"https:\/\/api.w.org\/{rel}","templated":true}]}}